{"id":17,"date":"2017-12-07T16:43:43","date_gmt":"2017-12-07T22:43:43","guid":{"rendered":"https:\/\/soundbyte-new.progressionstudios.com\/?page_id=17"},"modified":"2021-04-29T00:09:45","modified_gmt":"2021-04-29T06:09:45","slug":"1-que-es-sanamente","status":"publish","type":"page","link":"http:\/\/sanamentecr.com\/index.php\/1-que-es-sanamente\/","title":{"rendered":"\u00bfQu\u00e9 es sanamente?"},"content":{"rendered":"\t\t<div data-elementor-type=\"wp-page\" data-elementor-id=\"17\" class=\"elementor elementor-17\" data-elementor-settings=\"[]\">\n\t\t\t\t\t\t\t<div class=\"elementor-section-wrap\">\n\t\t\t\t\t\t\t<section class=\"elementor-section elementor-top-section elementor-element elementor-element-b37349f elementor-section-boxed elementor-section-height-default elementor-section-height-default\" data-id=\"b37349f\" data-element_type=\"section\">\n\t\t\t\t\t\t<div class=\"elementor-container elementor-column-gap-default\">\n\t\t\t\t\t<div class=\"elementor-column elementor-col-100 elementor-top-column elementor-element elementor-element-4ab94e5\" data-id=\"4ab94e5\" data-element_type=\"column\">\n\t\t\t<div class=\"elementor-widget-wrap elementor-element-populated\">\n\t\t\t\t\t\t\t\t<div class=\"elementor-element elementor-element-89916f8 elementor-widget elementor-widget-heading\" data-id=\"89916f8\" data-element_type=\"widget\" data-widget_type=\"heading.default\">\n\t\t\t\t<div class=\"elementor-widget-container\">\n\t\t\t<h2 class=\"elementor-heading-title elementor-size-default\">\u00bfQu\u00e9 es sanamente?<\/h2>\t\t<\/div>\n\t\t\t\t<\/div>\n\t\t\t\t<div class=\"elementor-element elementor-element-8735b01 elementor-widget elementor-widget-heading\" data-id=\"8735b01\" data-element_type=\"widget\" data-widget_type=\"heading.default\">\n\t\t\t\t<div class=\"elementor-widget-container\">\n\t\t\t<h2 class=\"elementor-heading-title elementor-size-default\">Conversemos por la salud mental<\/h2>\t\t<\/div>\n\t\t\t\t<\/div>\n\t\t\t\t\t<\/div>\n\t\t<\/div>\n\t\t\t\t\t\t\t<\/div>\n\t\t<\/section>\n\t\t\t\t<section class=\"elementor-section elementor-top-section elementor-element elementor-element-71318c3 elementor-section-content-middle elementor-section-boxed elementor-section-height-default elementor-section-height-default\" data-id=\"71318c3\" data-element_type=\"section\">\n\t\t\t\t\t\t<div class=\"elementor-container elementor-column-gap-default\">\n\t\t\t\t\t<div class=\"elementor-column elementor-col-50 elementor-top-column elementor-element elementor-element-611de2e\" data-id=\"611de2e\" data-element_type=\"column\">\n\t\t\t<div class=\"elementor-widget-wrap elementor-element-populated\">\n\t\t\t\t\t\t\t\t<div class=\"elementor-element elementor-element-a3c19ae elementor-widget elementor-widget-text-editor\" data-id=\"a3c19ae\" data-element_type=\"widget\" data-widget_type=\"text-editor.default\">\n\t\t\t\t<div class=\"elementor-widget-container\">\n\t\t\t\t\t<div class=\"elementor-text-editor elementor-clearfix\"><p style=\"text-align: left;\">Es un espacio que busca sensibilizar, educar y visibilizar la salud mental mediante conversaciones genuinas y transparentes que nos recuerdan que no estamos solos y que siempre debemos conversar con personas de nuestra confianza sobre aquellas situaciones que afectan m\u00e1s nuestra vida y nuestra salud.<\/p><p style=\"text-align: left;\">La realidad de muchas personas se ha transformado debido a la pandemia, y por ello, creamos estos espacios de conversaci\u00f3n que ofrecen herramientas para comprender mejor nuestra salud mental.\u00a0<\/p><\/div>\n\t\t\t\t<\/div>\n\t\t\t\t<\/div>\n\t\t\t\t\t<\/div>\n\t\t<\/div>\n\t\t\t\t<div class=\"elementor-column elementor-col-50 elementor-top-column elementor-element elementor-element-8761323\" data-id=\"8761323\" data-element_type=\"column\">\n\t\t\t<div class=\"elementor-widget-wrap elementor-element-populated\">\n\t\t\t\t\t\t\t\t<div class=\"elementor-element elementor-element-20cc607 elementor-aspect-ratio-169 elementor-widget elementor-widget-video\" data-id=\"20cc607\" data-element_type=\"widget\" data-settings=\"{&quot;youtube_url&quot;:&quot;https:\\\/\\\/youtu.be\\\/6E6IW8RxI_s?list=PLovI1_GbXGgmImxTXLwRgjminf_h2wFsG&quot;,&quot;video_type&quot;:&quot;youtube&quot;,&quot;controls&quot;:&quot;yes&quot;,&quot;aspect_ratio&quot;:&quot;169&quot;}\" data-widget_type=\"video.default\">\n\t\t\t\t<div class=\"elementor-widget-container\">\n\t\t\t\t\t<div class=\"elementor-wrapper elementor-fit-aspect-ratio elementor-open-inline\">\n\t\t\t<div class=\"elementor-video\"><\/div>\t\t<\/div>\n\t\t\t\t<\/div>\n\t\t\t\t<\/div>\n\t\t\t\t\t<\/div>\n\t\t<\/div>\n\t\t\t\t\t\t\t<\/div>\n\t\t<\/section>\n\t\t\t\t<section class=\"elementor-section elementor-top-section elementor-element elementor-element-e09e418 elementor-section-boxed elementor-section-height-default elementor-section-height-default\" data-id=\"e09e418\" data-element_type=\"section\">\n\t\t\t\t\t\t<div class=\"elementor-container elementor-column-gap-default\">\n\t\t\t\t\t<div class=\"elementor-column elementor-col-100 elementor-top-column elementor-element elementor-element-5fcb454\" data-id=\"5fcb454\" data-element_type=\"column\">\n\t\t\t<div class=\"elementor-widget-wrap elementor-element-populated\">\n\t\t\t\t\t\t\t\t<div class=\"elementor-element elementor-element-04cd7b7 elementor-widget elementor-widget-boosted-elements-flip-box\" data-id=\"04cd7b7\" data-element_type=\"widget\" data-widget_type=\"boosted-elements-flip-box.default\">\n\t\t\t\t<div class=\"elementor-widget-container\">\n\t\t\t\n\t<div class=\"boosted-elements-progression-flip-box-container boosted-animate-flip boosted-animate-left\">\n\t\t\t\t<div class=\"boosted-elements-flip-box-flip-card\">\n\t\t\t<div class=\"boosted-elements-flip-box-front-container\">\n\t\t\t\t<div class=\"boosted-elements-slider-display-table\">\n\t\t\t\t\t<div class=\"boosted-elements-flip-box-vertical-align\">\n\t\t\t\t\t\t<div class=\"boosted-elements-flip-box-padding\">\n\t\t\t\t\t\t\t\n\t\t\t\t\t\t\t\n\n\t\t\t\t\t\t\t\t\t\t\t\t\t\t\t<h2 class=\"boosted-elements-flip-box-heading\"><span >\u00bfQu\u00e9 es salud mental?<\/span><\/h2>\n\t\t\t\t\t\t\t\t\t\t\t\t\t\t\t\t\t\t\t\t\t\t<div class=\"boosted-elements-flip-box-content\"><span >Hablemos de Salud Mental<\/span><\/div>\n\t\t\t\t\t\t\t\t\t\t\t\t\t\t\t\t\t\t\t\t<\/div><!-- close .boosted-elements-flip-box-padding -->\n\t\t\t\t\t<\/div><!-- close .boosted-elements-flip-box-vertical-align -->\n\t\t\t\t<\/div><!--close .boosted-elements-slider-display-table -->\n\t\t\t<\/div><!-- close .boosted-elements-flip-box-front-container -->\n\n\t\t\t<div class=\"boosted-elements-flip-box-rear-container\">\n\t\t\t\t<div class=\"boosted-elements-slider-display-table\">\n\t\t\t\t\t<div class=\"boosted-elements-flip-box-vertical-align\">\n\t\t\t\t\t\t<div class=\"boosted-elements-flip-box-padding\">\n\t\t\t\t\t\t\t\n\t\t\t\t\t\t\t\n\t\t\t\t\t\t\t\t\t\t\t\t\t\t\n\t\t\t\t\t\t\t\t\t\t\t\t\t\t\t<h2 class=\"boosted-elements-flip-box-heading\"><span >Salud Mental<\/span><\/h2>\n\t\t\t\t\t\t\t\t\t\t\t\t\t\t\t\t\t\t\t\t\t\t<div class=\"boosted-elements-flip-box-content\"><span >De acuerdo con la Organizaci\u00f3n Mundial de la Salud, la salud mental es un estado de bienestar en el que la persona realiza sus capacidades y es capaz de hacer frente al estr\u00e9s normal de la vida, de trabajar de forma productiva y de contribuir a su comunidad. En este sentido positivo, la salud mental es el fundamento del bienestar individual y del funcionamiento eficaz de la comunidad.\n\nEs un componente integral y esencial de la salud y va m\u00e1s all\u00e1 de solo ser la ausencia de trastornos o discapacidades mentales.\n\nSeg\u00fan un estudio realizado por la Organizaci\u00f3n Panamericana de la Salud (2004) \u201cel impacto que la salud mental alterada produce en la poblaci\u00f3n es muy importante, reflej\u00e1ndose no s\u00f3lo en el bienestar individual sino tambi\u00e9n en la econom\u00eda de los pa\u00edses, su grado de desarrollo y el funcionamiento de los sistemas de salud\u201d. \n<\/span><\/div>\n\t\t\t\t\t\t\t\t\t\t\t\t\t\t\n\t\t\t\t\t\t\t\t\t\t\t\t\t\t\n\t\t\t\t\t\t<\/div><!-- close .boosted-elements-flip-box-padding -->\t\t\n\t\t\t\t\t<\/div><!-- close .boosted-elements-flip-box-vertical-align -->\n\t\t\t\t<\/div><!--close .boosted-elements-slider-display-table -->\n\t\t\t\t\n\t\t\t<\/div>\n\n\t\t<\/div><!-- close .boosted-elements-flip-box-rear-container -->\t\t\n\t<\/div><!-- close .boosted-elements-progression-flip-box-container -->\n\t\n\t\n\t\t\t<\/div>\n\t\t\t\t<\/div>\n\t\t\t\t<div class=\"elementor-element elementor-element-6002297 elementor-widget elementor-widget-spacer\" data-id=\"6002297\" data-element_type=\"widget\" data-widget_type=\"spacer.default\">\n\t\t\t\t<div class=\"elementor-widget-container\">\n\t\t\t\t\t<div class=\"elementor-spacer\">\n\t\t\t<div class=\"elementor-spacer-inner\"><\/div>\n\t\t<\/div>\n\t\t\t\t<\/div>\n\t\t\t\t<\/div>\n\t\t\t\t\t<\/div>\n\t\t<\/div>\n\t\t\t\t\t\t\t<\/div>\n\t\t<\/section>\n\t\t\t\t<section class=\"elementor-section elementor-top-section elementor-element elementor-element-09bc325 elementor-section-boxed elementor-section-height-default elementor-section-height-default\" data-id=\"09bc325\" data-element_type=\"section\">\n\t\t\t\t\t\t<div class=\"elementor-container elementor-column-gap-default\">\n\t\t\t\t\t<div class=\"elementor-column elementor-col-100 elementor-top-column elementor-element elementor-element-867504b\" data-id=\"867504b\" data-element_type=\"column\">\n\t\t\t<div class=\"elementor-widget-wrap elementor-element-populated\">\n\t\t\t\t\t\t\t\t<div class=\"elementor-element elementor-element-58e79e8 elementor-widget elementor-widget-text-editor\" data-id=\"58e79e8\" data-element_type=\"widget\" data-widget_type=\"text-editor.default\">\n\t\t\t\t<div class=\"elementor-widget-container\">\n\t\t\t\t\t<div class=\"elementor-text-editor elementor-clearfix\"><p>El Colegio de Profesionales en Psicolog\u00eda de Costa Rica en conjunto con el Ministerio de Justicia y Paz, el Viceministerio de Juventud y el Consejo de la Persona Joven han creado este espacio para ofrecer a personas j\u00f3venes herramientas para sobrellevar los cambios que ha ocasionado la pandemia como: teletrabajo, clases en l\u00ednea, cuarentena obligatoria, desempleo, dificultades econ\u00f3micas, reducci\u00f3n de jornada, duelos, distanciamiento de nuestros seres queridos, entre otras complejas situaciones.<\/p><\/div>\n\t\t\t\t<\/div>\n\t\t\t\t<\/div>\n\t\t\t\t\t<\/div>\n\t\t<\/div>\n\t\t\t\t\t\t\t<\/div>\n\t\t<\/section>\n\t\t\t\t<section class=\"elementor-section elementor-top-section elementor-element elementor-element-15f4fdc elementor-section-boxed elementor-section-height-default elementor-section-height-default\" data-id=\"15f4fdc\" data-element_type=\"section\">\n\t\t\t\t\t\t<div class=\"elementor-container elementor-column-gap-default\">\n\t\t\t\t\t<div class=\"elementor-column elementor-col-16 elementor-top-column elementor-element elementor-element-7954f1c\" data-id=\"7954f1c\" data-element_type=\"column\">\n\t\t\t<div class=\"elementor-widget-wrap\">\n\t\t\t\t\t\t\t\t\t<\/div>\n\t\t<\/div>\n\t\t\t\t<div class=\"elementor-column elementor-col-16 elementor-top-column elementor-element elementor-element-925ffdf\" data-id=\"925ffdf\" data-element_type=\"column\">\n\t\t\t<div class=\"elementor-widget-wrap elementor-element-populated\">\n\t\t\t\t\t\t\t\t<div class=\"elementor-element elementor-element-1fc01b7 elementor-widget elementor-widget-image\" data-id=\"1fc01b7\" data-element_type=\"widget\" data-widget_type=\"image.default\">\n\t\t\t\t<div class=\"elementor-widget-container\">\n\t\t\t\t\t<div class=\"elementor-image\">\n\t\t\t\t\t\t\t\t\t\t<img loading=\"lazy\" width=\"300\" height=\"300\" src=\"http:\/\/sanamentecr.com\/wp-content\/uploads\/2021\/04\/logo-org01.png\" class=\"attachment-large size-large\" alt=\"\" decoding=\"async\" srcset=\"http:\/\/sanamentecr.com\/wp-content\/uploads\/2021\/04\/logo-org01.png 300w, http:\/\/sanamentecr.com\/wp-content\/uploads\/2021\/04\/logo-org01-150x150.png 150w\" sizes=\"(max-width: 300px) 100vw, 300px\" \/>\t\t\t\t\t\t\t\t\t\t\t<\/div>\n\t\t\t\t<\/div>\n\t\t\t\t<\/div>\n\t\t\t\t\t<\/div>\n\t\t<\/div>\n\t\t\t\t<div class=\"elementor-column elementor-col-16 elementor-top-column elementor-element elementor-element-5ab5c76\" data-id=\"5ab5c76\" data-element_type=\"column\">\n\t\t\t<div class=\"elementor-widget-wrap elementor-element-populated\">\n\t\t\t\t\t\t\t\t<div class=\"elementor-element elementor-element-43fdc26 elementor-widget elementor-widget-image\" data-id=\"43fdc26\" data-element_type=\"widget\" data-widget_type=\"image.default\">\n\t\t\t\t<div class=\"elementor-widget-container\">\n\t\t\t\t\t<div class=\"elementor-image\">\n\t\t\t\t\t\t\t\t\t\t<img loading=\"lazy\" width=\"300\" height=\"300\" src=\"http:\/\/sanamentecr.com\/wp-content\/uploads\/2021\/04\/logo-org02.png\" class=\"attachment-large size-large\" alt=\"\" decoding=\"async\" srcset=\"http:\/\/sanamentecr.com\/wp-content\/uploads\/2021\/04\/logo-org02.png 300w, http:\/\/sanamentecr.com\/wp-content\/uploads\/2021\/04\/logo-org02-150x150.png 150w\" sizes=\"(max-width: 300px) 100vw, 300px\" \/>\t\t\t\t\t\t\t\t\t\t\t<\/div>\n\t\t\t\t<\/div>\n\t\t\t\t<\/div>\n\t\t\t\t\t<\/div>\n\t\t<\/div>\n\t\t\t\t<div class=\"elementor-column elementor-col-16 elementor-top-column elementor-element elementor-element-c22da01\" data-id=\"c22da01\" data-element_type=\"column\">\n\t\t\t<div class=\"elementor-widget-wrap elementor-element-populated\">\n\t\t\t\t\t\t\t\t<div class=\"elementor-element elementor-element-8f53606 elementor-widget elementor-widget-image\" data-id=\"8f53606\" data-element_type=\"widget\" data-widget_type=\"image.default\">\n\t\t\t\t<div class=\"elementor-widget-container\">\n\t\t\t\t\t<div class=\"elementor-image\">\n\t\t\t\t\t\t\t\t\t\t<img loading=\"lazy\" width=\"300\" height=\"300\" src=\"http:\/\/sanamentecr.com\/wp-content\/uploads\/2021\/04\/logo-org03.png\" class=\"attachment-large size-large\" alt=\"\" decoding=\"async\" srcset=\"http:\/\/sanamentecr.com\/wp-content\/uploads\/2021\/04\/logo-org03.png 300w, http:\/\/sanamentecr.com\/wp-content\/uploads\/2021\/04\/logo-org03-150x150.png 150w\" sizes=\"(max-width: 300px) 100vw, 300px\" \/>\t\t\t\t\t\t\t\t\t\t\t<\/div>\n\t\t\t\t<\/div>\n\t\t\t\t<\/div>\n\t\t\t\t\t<\/div>\n\t\t<\/div>\n\t\t\t\t<div class=\"elementor-column elementor-col-16 elementor-top-column elementor-element elementor-element-5da65d8\" data-id=\"5da65d8\" data-element_type=\"column\">\n\t\t\t<div class=\"elementor-widget-wrap elementor-element-populated\">\n\t\t\t\t\t\t\t\t<div class=\"elementor-element elementor-element-93377b2 elementor-widget elementor-widget-image\" data-id=\"93377b2\" data-element_type=\"widget\" data-widget_type=\"image.default\">\n\t\t\t\t<div class=\"elementor-widget-container\">\n\t\t\t\t\t<div class=\"elementor-image\">\n\t\t\t\t\t\t\t\t\t\t<img loading=\"lazy\" width=\"300\" height=\"300\" src=\"http:\/\/sanamentecr.com\/wp-content\/uploads\/2021\/04\/logo-org04.png\" class=\"attachment-large size-large\" alt=\"\" decoding=\"async\" srcset=\"http:\/\/sanamentecr.com\/wp-content\/uploads\/2021\/04\/logo-org04.png 300w, http:\/\/sanamentecr.com\/wp-content\/uploads\/2021\/04\/logo-org04-150x150.png 150w\" sizes=\"(max-width: 300px) 100vw, 300px\" \/>\t\t\t\t\t\t\t\t\t\t\t<\/div>\n\t\t\t\t<\/div>\n\t\t\t\t<\/div>\n\t\t\t\t\t<\/div>\n\t\t<\/div>\n\t\t\t\t<div class=\"elementor-column elementor-col-16 elementor-top-column elementor-element elementor-element-fdb662c\" data-id=\"fdb662c\" data-element_type=\"column\">\n\t\t\t<div class=\"elementor-widget-wrap\">\n\t\t\t\t\t\t\t\t\t<\/div>\n\t\t<\/div>\n\t\t\t\t\t\t\t<\/div>\n\t\t<\/section>\n\t\t\t\t<section class=\"elementor-section elementor-top-section elementor-element elementor-element-c5b374d elementor-section-boxed elementor-section-height-default elementor-section-height-default\" data-id=\"c5b374d\" data-element_type=\"section\">\n\t\t\t\t\t\t<div class=\"elementor-container elementor-column-gap-default\">\n\t\t\t\t\t<div class=\"elementor-column elementor-col-100 elementor-top-column elementor-element elementor-element-9b2290e\" data-id=\"9b2290e\" data-element_type=\"column\">\n\t\t\t<div class=\"elementor-widget-wrap elementor-element-populated\">\n\t\t\t\t\t\t\t\t<div class=\"elementor-element elementor-element-f2b37a9 elementor-widget elementor-widget-spacer\" data-id=\"f2b37a9\" data-element_type=\"widget\" data-widget_type=\"spacer.default\">\n\t\t\t\t<div class=\"elementor-widget-container\">\n\t\t\t\t\t<div class=\"elementor-spacer\">\n\t\t\t<div class=\"elementor-spacer-inner\"><\/div>\n\t\t<\/div>\n\t\t\t\t<\/div>\n\t\t\t\t<\/div>\n\t\t\t\t\t<\/div>\n\t\t<\/div>\n\t\t\t\t\t\t\t<\/div>\n\t\t<\/section>\n\t\t\t\t<section class=\"elementor-section elementor-top-section elementor-element elementor-element-1ff484a elementor-section-boxed elementor-section-height-default elementor-section-height-default\" data-id=\"1ff484a\" data-element_type=\"section\">\n\t\t\t\t\t\t<div class=\"elementor-container elementor-column-gap-default\">\n\t\t\t\t\t<div class=\"elementor-column elementor-col-50 elementor-top-column elementor-element elementor-element-9aff841\" data-id=\"9aff841\" data-element_type=\"column\">\n\t\t\t<div class=\"elementor-widget-wrap elementor-element-populated\">\n\t\t\t\t\t\t\t\t<div class=\"elementor-element elementor-element-9b4d17a elementor-widget elementor-widget-heading\" data-id=\"9b4d17a\" data-element_type=\"widget\" data-widget_type=\"heading.default\">\n\t\t\t\t<div class=\"elementor-widget-container\">\n\t\t\t<h2 class=\"elementor-heading-title elementor-size-default\">\u00bfCu\u00e1l es el objetivo de la campa\u00f1a Sanamente?<\/h2>\t\t<\/div>\n\t\t\t\t<\/div>\n\t\t\t\t<div class=\"elementor-element elementor-element-5bf8e3c elementor-widget elementor-widget-text-editor\" data-id=\"5bf8e3c\" data-element_type=\"widget\" data-widget_type=\"text-editor.default\">\n\t\t\t\t<div class=\"elementor-widget-container\">\n\t\t\t\t\t<div class=\"elementor-text-editor elementor-clearfix\"><p style=\"text-align: left;\">Aprovechando la extensi\u00f3n de uso de las redes sociales y medios digitales queremos llegar al p\u00fablico joven costarricense para brindarle informaci\u00f3n sobre salud mental que le permita darse cuenta a tiempo de su estado actual y brindarle herramientas para mejorar o cambiar el rumbo hacia una salud abordada de manera integral y no solo desde la salud f\u00edsica.<\/p><\/div>\n\t\t\t\t<\/div>\n\t\t\t\t<\/div>\n\t\t\t\t<div class=\"elementor-element elementor-element-24679b6 elementor-widget elementor-widget-image\" data-id=\"24679b6\" data-element_type=\"widget\" data-widget_type=\"image.default\">\n\t\t\t\t<div class=\"elementor-widget-container\">\n\t\t\t\t\t<div class=\"elementor-image\">\n\t\t\t\t\t\t\t\t\t\t<img loading=\"lazy\" width=\"1000\" height=\"667\" src=\"http:\/\/sanamentecr.com\/wp-content\/uploads\/2021\/04\/jovenes-conversando.jpg\" class=\"attachment-large size-large\" alt=\"\" decoding=\"async\" srcset=\"http:\/\/sanamentecr.com\/wp-content\/uploads\/2021\/04\/jovenes-conversando.jpg 1000w, http:\/\/sanamentecr.com\/wp-content\/uploads\/2021\/04\/jovenes-conversando-300x200.jpg 300w, http:\/\/sanamentecr.com\/wp-content\/uploads\/2021\/04\/jovenes-conversando-768x512.jpg 768w\" sizes=\"(max-width: 1000px) 100vw, 1000px\" \/>\t\t\t\t\t\t\t\t\t\t\t<\/div>\n\t\t\t\t<\/div>\n\t\t\t\t<\/div>\n\t\t\t\t\t<\/div>\n\t\t<\/div>\n\t\t\t\t<div class=\"elementor-column elementor-col-50 elementor-top-column elementor-element elementor-element-a8ccce5\" data-id=\"a8ccce5\" data-element_type=\"column\">\n\t\t\t<div class=\"elementor-widget-wrap elementor-element-populated\">\n\t\t\t\t\t\t\t\t<div class=\"elementor-element elementor-element-9fc4495 elementor-widget elementor-widget-image\" data-id=\"9fc4495\" data-element_type=\"widget\" data-widget_type=\"image.default\">\n\t\t\t\t<div class=\"elementor-widget-container\">\n\t\t\t\t\t<div class=\"elementor-image\">\n\t\t\t\t\t\t\t\t\t\t<img loading=\"lazy\" width=\"1000\" height=\"667\" src=\"http:\/\/sanamentecr.com\/wp-content\/uploads\/2021\/04\/jovenes.jpg\" class=\"attachment-large size-large\" alt=\"\" decoding=\"async\" srcset=\"http:\/\/sanamentecr.com\/wp-content\/uploads\/2021\/04\/jovenes.jpg 1000w, http:\/\/sanamentecr.com\/wp-content\/uploads\/2021\/04\/jovenes-300x200.jpg 300w, http:\/\/sanamentecr.com\/wp-content\/uploads\/2021\/04\/jovenes-768x512.jpg 768w\" sizes=\"(max-width: 1000px) 100vw, 1000px\" \/>\t\t\t\t\t\t\t\t\t\t\t<\/div>\n\t\t\t\t<\/div>\n\t\t\t\t<\/div>\n\t\t\t\t<div class=\"elementor-element elementor-element-ea6fd05 elementor-widget elementor-widget-heading\" data-id=\"ea6fd05\" data-element_type=\"widget\" data-widget_type=\"heading.default\">\n\t\t\t\t<div class=\"elementor-widget-container\">\n\t\t\t<h2 class=\"elementor-heading-title elementor-size-default\">\u00bfQu\u00e9 buscamos?<\/h2>\t\t<\/div>\n\t\t\t\t<\/div>\n\t\t\t\t<div class=\"elementor-element elementor-element-1718964 elementor-widget elementor-widget-text-editor\" data-id=\"1718964\" data-element_type=\"widget\" data-widget_type=\"text-editor.default\">\n\t\t\t\t<div class=\"elementor-widget-container\">\n\t\t\t\t\t<div class=\"elementor-text-editor elementor-clearfix\"><p>Con Sanamente queremos impactar positivamente a Costa Rica y convertir el tema de la salud mental en una conversaci\u00f3n sin estigmas, para reducir los tab\u00faes que se han creado al respecto y fomentar apertura en el tema para identificar a tiempo el momento de pedir ayuda.<\/p><\/div>\n\t\t\t\t<\/div>\n\t\t\t\t<\/div>\n\t\t\t\t\t<\/div>\n\t\t<\/div>\n\t\t\t\t\t\t\t<\/div>\n\t\t<\/section>\n\t\t\t\t\t\t<\/div>\n\t\t\t\t\t<\/div>\n\t\t","protected":false},"excerpt":{"rendered":"<p>\u00bfQu\u00e9 es sanamente? Conversemos por la salud mental Es un espacio que busca sensibilizar, educar y visibilizar la salud mental mediante conversaciones genuinas y transparentes que nos recuerdan que no estamos solos y que siempre debemos conversar con personas de nuestra confianza sobre aquellas situaciones que afectan m\u00e1s nuestra vida y nuestra salud. La realidad [&hellip;]<\/p>\n","protected":false},"author":1,"featured_media":0,"parent":0,"menu_order":0,"comment_status":"closed","ping_status":"closed","template":"","meta":{"episode_type":"","audio_file":"","cover_image":"","cover_image_id":"","duration":"","filesize":"","date_recorded":"","explicit":"","block":"","filesize_raw":"","footnotes":""},"_links":{"self":[{"href":"http:\/\/sanamentecr.com\/index.php\/wp-json\/wp\/v2\/pages\/17"}],"collection":[{"href":"http:\/\/sanamentecr.com\/index.php\/wp-json\/wp\/v2\/pages"}],"about":[{"href":"http:\/\/sanamentecr.com\/index.php\/wp-json\/wp\/v2\/types\/page"}],"author":[{"embeddable":true,"href":"http:\/\/sanamentecr.com\/index.php\/wp-json\/wp\/v2\/users\/1"}],"replies":[{"embeddable":true,"href":"http:\/\/sanamentecr.com\/index.php\/wp-json\/wp\/v2\/comments?post=17"}],"version-history":[{"count":33,"href":"http:\/\/sanamentecr.com\/index.php\/wp-json\/wp\/v2\/pages\/17\/revisions"}],"predecessor-version":[{"id":543,"href":"http:\/\/sanamentecr.com\/index.php\/wp-json\/wp\/v2\/pages\/17\/revisions\/543"}],"wp:attachment":[{"href":"http:\/\/sanamentecr.com\/index.php\/wp-json\/wp\/v2\/media?parent=17"}],"curies":[{"name":"wp","href":"https:\/\/api.w.org\/{rel}","templated":true}]}}